{"id":1701,"date":"2018-03-22T19:28:49","date_gmt":"2018-03-22T18:28:49","guid":{"rendered":"http:\/\/www.robertovian.it\/?page_id=1701"},"modified":"2018-03-22T19:28:49","modified_gmt":"2018-03-22T18:28:49","slug":"di-me","status":"publish","type":"page","link":"https:\/\/www.robertovian.it\/?page_id=1701","title":{"rendered":"di me"},"content":{"rendered":"<p><img loading=\"lazy\" decoding=\"async\" class=\"size-full wp-image-1709\" src=\"http:\/\/www.robertovian.it\/wp-content\/uploads\/2018\/03\/Messaggio-Bottiglia.jpg\" alt=\"Messaggio-Bottiglia\" width=\"800\" height=\"327\"><\/p>\n<p>di me non vorrei dire molto, perch\u00e9 ho fatto un patto con il mio ego: dico <em>quello che ho detto<\/em> e basta.<br \/>\nCapiamoci, <em>quello che ho detto<\/em> (o ho creduto di dire) non \u00e8 di fondamentale importanza, n\u00e9 di particolare significato.<br \/>\nMa \u00e8 <em>quello che ho detto<\/em>, e questo, per me, ha un certo valore.<br \/>\nAprendo di tanto in tanto il cassetto delle <em>cose che ho detto<\/em>, per riprenderne alcune o solo per assicurami che fossero ancora l\u00ec, mi sono chiesto se poteva esserci un motivo per pubblicarle.<br \/>\nNon ne ho trovato nessuno che non fosse figlio dell&#8217;ego.<br \/>\nAllora mi sono chiesto se potevano esserci dei motivi per lasciarle per sempre chiuse nel cassetto.<br \/>\nAnche in questo caso non ne ho trovati, ma ho ritenuto questa assenza pi\u00f9 importante della prima.<br \/>\nQualche assunto bisogna pur farlo.<\/p>\n<p>Sono bottiglie con un messaggio arrotolato e infilato dentro, tappate e lasciate andare nell&#8217;acqua.<br \/>\nPotrebbe essere interessante sapere chi le raccoglier\u00e0, e quando.<br \/>\nMettiamola cos\u00ec: se vi va, stappate la bottiglia e leggete il biglietto.<\/p>\n<p>Ah, se volete poi dirmi che avete trovato la bottiglia e avete letto il biglietto allora vi lascio un modo per farlo:<br \/>\n[contact-form-7 id=&#8221;417&#8243; title=&#8221;Contact form 1&#8243;]<\/p>\n","protected":false},"excerpt":{"rendered":"<p>di me non vorrei dire molto, perch\u00e9 ho fatto un patto con il mio ego: dico quello che ho detto e basta. Capiamoci, quello che ho detto (o ho creduto di dire) non \u00e8 di fondamentale importanza, n\u00e9 di particolare significato. Ma \u00e8 quello che ho detto, e questo, per me, ha un certo valore. [&hellip;]<\/p>\n","protected":false},"author":1,"featured_media":0,"parent":0,"menu_order":0,"comment_status":"closed","ping_status":"closed","template":"","meta":{"footnotes":""},"class_list":["post-1701","page","type-page","status-publish","hentry"],"_links":{"self":[{"href":"https:\/\/www.robertovian.it\/index.php?rest_route=\/wp\/v2\/pages\/1701","targetHints":{"allow":["GET"]}}],"collection":[{"href":"https:\/\/www.robertovian.it\/index.php?rest_route=\/wp\/v2\/pages"}],"about":[{"href":"https:\/\/www.robertovian.it\/index.php?rest_route=\/wp\/v2\/types\/page"}],"author":[{"embeddable":true,"href":"https:\/\/www.robertovian.it\/index.php?rest_route=\/wp\/v2\/users\/1"}],"replies":[{"embeddable":true,"href":"https:\/\/www.robertovian.it\/index.php?rest_route=%2Fwp%2Fv2%2Fcomments&post=1701"}],"version-history":[{"count":0,"href":"https:\/\/www.robertovian.it\/index.php?rest_route=\/wp\/v2\/pages\/1701\/revisions"}],"wp:attachment":[{"href":"https:\/\/www.robertovian.it\/index.php?rest_route=%2Fwp%2Fv2%2Fmedia&parent=1701"}],"curies":[{"name":"wp","href":"https:\/\/api.w.org\/{rel}","templated":true}]}}